{"id":167,"date":"2024-10-21T15:15:33","date_gmt":"2024-10-21T15:15:33","guid":{"rendered":"https:\/\/digitalpower.es\/?page_id=167"},"modified":"2025-01-04T12:07:27","modified_gmt":"2025-01-04T12:07:27","slug":"conocenos","status":"publish","type":"page","link":"https:\/\/digitalpower.es\/index.php\/conocenos\/","title":{"rendered":"CONOCENOS"},"content":{"rendered":"\n<p style=\"margin-top:0;margin-right:var(--wp--preset--spacing--60);margin-bottom:0;margin-left:var(--wp--preset--spacing--60);font-size:clamp(14px, 0.875rem + ((1vw - 3.2px) * 0.313), 17px);\">Somos una empresa creada hace 30 a\u00f1os dedicada al alquiler de infraestructuras para cualquier tipo de eventos o espect\u00e1culos. Presentaciones, Conciertos, Disco M\u00f3viles etc. <\/p>\n\n\n\n<p>Durante esos a\u00f1os hemos montado miles de eventos de todo tipo y efectuado giras con orquestas o artistas. En la actualidad nos hemos especializados en Escenarios y estructuras pero seguimos teniendo todo tipo de sonido, iluminaci\u00f3n y pantallas leds para peque\u00f1os y medianos eventos.<\/p>\n\n\n\n<p><\/p>\n\n\n\n<p>Nuestra empresa esta en Almoradi provincia de Alicante y por motivos de log\u00edstica nuestro radio de trabajo es preferiblemente en un radio de 100KM. <\/p>\n\n\n\n<p style=\"margin-right:var(--wp--preset--spacing--50);margin-left:var(--wp--preset--spacing--50)\">Presupuesto sin compromiso al Tlf: 658 88 42 84<\/p>\n\n\n\n<p>Correo electr\u00f3nico: vicente@digitalpower<\/p>\n\n\n\n<div class=\"wp-block-contact-form-7-contact-form-selector\">\n<div class=\"wpcf7 no-js\" id=\"wpcf7-f272-o1\" lang=\"es-ES\" dir=\"ltr\" data-wpcf7-id=\"272\">\n<div class=\"screen-reader-response\"><p role=\"status\" aria-live=\"polite\" aria-atomic=\"true\"><\/p> <ul><\/ul><\/div>\n<form action=\"\/index.php\/wp-json\/wp\/v2\/pages\/167#wpcf7-f272-o1\" method=\"post\" class=\"wpcf7-form init\" aria-label=\"Formulario de contacto\" novalidate=\"novalidate\" data-status=\"init\">\n<div style=\"display: none;\">\n<input type=\"hidden\" name=\"_wpcf7\" value=\"272\" \/>\n<input type=\"hidden\" name=\"_wpcf7_version\" value=\"6.0\" \/>\n<input type=\"hidden\" name=\"_wpcf7_locale\" value=\"es_ES\" \/>\n<input type=\"hidden\" name=\"_wpcf7_unit_tag\" value=\"wpcf7-f272-o1\" \/>\n<input type=\"hidden\" name=\"_wpcf7_container_post\" value=\"0\" \/>\n<input type=\"hidden\" name=\"_wpcf7_posted_data_hash\" value=\"\" \/>\n<\/div>\n<p><label> Tu nombre<br \/>\n<span class=\"wpcf7-form-control-wrap\" data-name=\"your-name\"><input size=\"40\" maxlength=\"400\" class=\"wpcf7-form-control wpcf7-text wpcf7-validates-as-required\" autocomplete=\"name\" aria-required=\"true\" aria-invalid=\"false\" value=\"\" type=\"text\" name=\"your-name\" \/><\/span> <\/label>\n<\/p>\n<p><label> Tu correo electr\u00f3nico<br \/>\n<span class=\"wpcf7-form-control-wrap\" data-name=\"your-email\"><input size=\"40\" maxlength=\"400\" class=\"wpcf7-form-control wpcf7-email wpcf7-validates-as-required wpcf7-text wpcf7-validates-as-email\" autocomplete=\"email\" aria-required=\"true\" aria-invalid=\"false\" value=\"\" type=\"email\" name=\"your-email\" \/><\/span> <\/label>\n<\/p>\n<p><label> Asunto<br \/>\n<span class=\"wpcf7-form-control-wrap\" data-name=\"your-subject\"><input size=\"40\" maxlength=\"400\" class=\"wpcf7-form-control wpcf7-text wpcf7-validates-as-required\" aria-required=\"true\" aria-invalid=\"false\" value=\"\" type=\"text\" name=\"your-subject\" \/><\/span> <\/label>\n<\/p>\n<p><label> Tu mensaje (opcional)<br \/>\n<span class=\"wpcf7-form-control-wrap\" data-name=\"your-message\"><textarea cols=\"40\" rows=\"10\" maxlength=\"2000\" class=\"wpcf7-form-control wpcf7-textarea\" aria-invalid=\"false\" name=\"your-message\"><\/textarea><\/span> <\/label>\n<\/p>\n<p><input class=\"wpcf7-form-control wpcf7-submit has-spinner\" type=\"submit\" value=\"Enviar\" \/>\n<\/p><div class=\"wpcf7-response-output\" aria-hidden=\"true\"><\/div>\n<\/form>\n<\/div>\n<\/div>\n\n\n\n<p><\/p>\n\n\n\n<p><\/p>\n","protected":false},"excerpt":{"rendered":"<p>Somos una empresa creada hace 30 a\u00f1os dedicada al alquiler de infraestructuras para cualquier tipo de eventos o espect\u00e1culos. Presentaciones, Conciertos, Disco M\u00f3viles etc. Durante esos a\u00f1os hemos montado miles de eventos de todo tipo y efectuado giras con orquestas o artistas. En la actualidad nos hemos especializados en Escenarios y estructuras pero seguimos teniendo [&hellip;]<\/p>\n","protected":false},"author":1,"featured_media":0,"parent":0,"menu_order":0,"comment_status":"open","ping_status":"closed","template":"","meta":{"footnotes":""},"class_list":["post-167","page","type-page","status-publish","hentry"],"_links":{"self":[{"href":"https:\/\/digitalpower.es\/index.php\/wp-json\/wp\/v2\/pages\/167","targetHints":{"allow":["GET"]}}],"collection":[{"href":"https:\/\/digitalpower.es\/index.php\/wp-json\/wp\/v2\/pages"}],"about":[{"href":"https:\/\/digitalpower.es\/index.php\/wp-json\/wp\/v2\/types\/page"}],"author":[{"embeddable":true,"href":"https:\/\/digitalpower.es\/index.php\/wp-json\/wp\/v2\/users\/1"}],"replies":[{"embeddable":true,"href":"https:\/\/digitalpower.es\/index.php\/wp-json\/wp\/v2\/comments?post=167"}],"version-history":[{"count":6,"href":"https:\/\/digitalpower.es\/index.php\/wp-json\/wp\/v2\/pages\/167\/revisions"}],"predecessor-version":[{"id":289,"href":"https:\/\/digitalpower.es\/index.php\/wp-json\/wp\/v2\/pages\/167\/revisions\/289"}],"wp:attachment":[{"href":"https:\/\/digitalpower.es\/index.php\/wp-json\/wp\/v2\/media?parent=167"}],"curies":[{"name":"wp","href":"https:\/\/api.w.org\/{rel}","templated":true}]}}